{"id":9586,"date":"2018-09-30T16:57:19","date_gmt":"2018-09-30T14:57:19","guid":{"rendered":"http:\/\/www.co-ki.net\/?page_id=9586"},"modified":"2021-08-19T05:49:55","modified_gmt":"2021-08-19T03:49:55","slug":"ham","status":"publish","type":"page","link":"https:\/\/www.co-ki.net\/?page_id=9586","title":{"rendered":"Position &#038; T\u00f6rns"},"content":{"rendered":"<h3>Aktuelle Position:<\/h3>\n<h3><iframe loading=\"lazy\" src=\"https:\/\/cms.winlink.org:444\/maps\/positionreports.aspx?callsign=do7co\" width=\"500\" height=\"500\" frameborder=\"0\" scrolling=\"auto\">&amp;amp;amp;amp;amp;amp;amp;amp;amp;amp;lt;span style=&#8220;display: inline-block; width: 0px; overflow: hidden; line-height: 0;&#8220; data-mce-type=&#8220;bookmark&#8220; class=&#8220;mce_SELRES_start&#8220;&amp;amp;amp;amp;amp;amp;amp;amp;amp;amp;gt;\ufeff&amp;amp;amp;amp;amp;amp;amp;amp;amp;amp;lt;\/span&amp;amp;amp;amp;amp;amp;amp;amp;amp;amp;gt;<\/iframe><\/h3>\n<p><em>Courtesy of <a href=\"http:\/\/www.winlink.org\" target=\"_blank\" rel=\"noopener noreferrer\">www.winlink.org<\/a>. Copyright Amateur Radio Safety Foundation, Inc., a non-profit, public benefit corporation.<\/em><\/p>\n<hr>\n<h3>T\u00f6rn 2021 (Kanaren &#8211; Kiel)<\/h3>\n<p>\u00dcberf\u00fchrung der R\u00f8de Orm von den Kanaren nach Kiel \u00fcber die Azoren.<\/p>\n<p><iframe loading=\"lazy\" src=\"https:\/\/www.google.com\/maps\/d\/u\/0\/embed?mid=1ya0GIcoM4vCH38dUr5MNyo_4bdivVmO7\" width=\"640\" height=\"480\"><\/iframe><\/p>\n<hr>\n<h3>T\u00f6rn 2019 &#8211; 2020 (Kiel &#8211; Kanaren)<\/h3>\n<p>Abbruch im M\u00e4rz 2020 wegen der Corona-Pandemie.<\/p>\n<p><iframe loading=\"lazy\" src=\"https:\/\/www.google.com\/maps\/d\/u\/0\/embed?mid=106uOsgmbd0IkRi0uGUWnSvRfBpT6QeSs\" width=\"640\" height=\"480\"><\/iframe><\/p>\n","protected":false},"excerpt":{"rendered":"<p>Aktuelle Position: &amp;amp;amp;amp;amp;amp;amp;amp;amp;amp;lt;span style=&#8220;display: inline-block; width: 0px; overflow: hidden; line-height: 0;&#8220; data-mce-type=&#8220;bookmark&#8220; class=&#8220;mce_SELRES_start&#8220;&amp;amp;amp;amp;amp;amp;amp;amp;amp;amp;gt;\ufeff&amp;amp;amp;amp;amp;amp;amp;amp;amp;amp;lt;\/span&amp;amp;amp;amp;amp;amp;amp;amp;amp;amp;gt; Courtesy of www.winlink.org. Copyright Amateur Radio Safety Foundation, Inc., a non-profit, public benefit corporation. T\u00f6rn 2021 (Kanaren &#8211; Kiel) \u00dcberf\u00fchrung der R\u00f8de Orm von den Kanaren nach Kiel \u00fcber die Azoren. T\u00f6rn 2019 &#8211; 2020 (Kiel &#8211; Kanaren) Abbruch im M\u00e4rz 2020 [&hellip;]<\/p>\n","protected":false},"author":2,"featured_media":0,"parent":0,"menu_order":0,"comment_status":"closed","ping_status":"closed","template":"","meta":{"ngg_post_thumbnail":0,"jetpack_post_was_ever_published":false,"footnotes":""},"class_list":["post-9586","page","type-page","status-publish","hentry"],"jetpack_sharing_enabled":true,"jetpack_shortlink":"https:\/\/wp.me\/P1OLN4-2uC","post_mailing_queue_ids":[],"_links":{"self":[{"href":"https:\/\/www.co-ki.net\/index.php?rest_route=\/wp\/v2\/pages\/9586","targetHints":{"allow":["GET"]}}],"collection":[{"href":"https:\/\/www.co-ki.net\/index.php?rest_route=\/wp\/v2\/pages"}],"about":[{"href":"https:\/\/www.co-ki.net\/index.php?rest_route=\/wp\/v2\/types\/page"}],"author":[{"embeddable":true,"href":"https:\/\/www.co-ki.net\/index.php?rest_route=\/wp\/v2\/users\/2"}],"replies":[{"embeddable":true,"href":"https:\/\/www.co-ki.net\/index.php?rest_route=%2Fwp%2Fv2%2Fcomments&post=9586"}],"version-history":[{"count":0,"href":"https:\/\/www.co-ki.net\/index.php?rest_route=\/wp\/v2\/pages\/9586\/revisions"}],"wp:attachment":[{"href":"https:\/\/www.co-ki.net\/index.php?rest_route=%2Fwp%2Fv2%2Fmedia&parent=9586"}],"curies":[{"name":"wp","href":"https:\/\/api.w.org\/{rel}","templated":true}]}}